{"id":367,"date":"2014-11-17T15:44:14","date_gmt":"2014-11-17T15:44:14","guid":{"rendered":"http:\/\/www.samuelshouse.com.ve\/?page_id=367"},"modified":"2014-12-05T19:37:40","modified_gmt":"2014-12-05T19:37:40","slug":"volunteer","status":"publish","type":"page","link":"http:\/\/samuelshouse.com.ve\/vallealegre\/volunteer\/","title":{"rendered":"Casa de Campo Man\u00e1"},"content":{"rendered":"<body><div   class=\"   wpb_row vc_row-fluid  \"  style=\"\"  data-token=\"o9JpV\">\n\t<div class=\"vc_col-sm-12 wpb_column column_container\">\n\t\t<div class=\"wpb_wrapper\">\n\t\t\t<div style=\"clear:both; width:100%; height:60px\"><\/div>\n\t\t<\/div> \n\t<\/div> \n<\/div><div   class=\"   wpb_row vc_row-fluid  \"  style=\"\"  data-token=\"7HzwO\">\n\t<div class=\"vc_col-sm-8 wpb_column column_container\">\n\t\t<div class=\"wpb_wrapper\">\n\t\t\t<div class=\"portfolio-slider-wrapper\"><div id=\"owl-slider-swb\" class=\"owl-carousel portfolio-slider\" data-token=\"J3yqV\"><div class=\"slider-item\"><a title=\"\" href=\"https:\/\/i0.wp.com\/samuelshouse.com.ve\/vallealegre\/wp-content\/uploads\/2014\/11\/Mana-Lodge-1.jpg?fit=800%2C531\" rel=\"prettyPhoto[project_gal_swb]\"><img loading=\"lazy\" decoding=\"async\" width=\"800\" height=\"531\" src=\"https:\/\/i0.wp.com\/samuelshouse.com.ve\/vallealegre\/wp-content\/uploads\/2014\/11\/Mana-Lodge-1.jpg?fit=800%2C531\" class=\"attachment-full\" alt=\"\" srcset=\"https:\/\/i0.wp.com\/samuelshouse.com.ve\/vallealegre\/wp-content\/uploads\/2014\/11\/Mana-Lodge-1.jpg?w=800 800w, https:\/\/i0.wp.com\/samuelshouse.com.ve\/vallealegre\/wp-content\/uploads\/2014\/11\/Mana-Lodge-1.jpg?resize=300%2C199 300w, https:\/\/i0.wp.com\/samuelshouse.com.ve\/vallealegre\/wp-content\/uploads\/2014\/11\/Mana-Lodge-1.jpg?resize=780%2C517 780w\" sizes=\"auto, (max-width: 800px) 100vw, 800px\" \/><\/a><\/div><div class=\"slider-item\"><a title=\"\" href=\"https:\/\/i0.wp.com\/samuelshouse.com.ve\/vallealegre\/wp-content\/uploads\/2014\/11\/Cuarto.jpg?fit=720%2C478\" rel=\"prettyPhoto[project_gal_swb]\"><img loading=\"lazy\" decoding=\"async\" width=\"720\" height=\"478\" src=\"https:\/\/i0.wp.com\/samuelshouse.com.ve\/vallealegre\/wp-content\/uploads\/2014\/11\/Cuarto.jpg?fit=720%2C478\" class=\"attachment-full\" alt=\"\" srcset=\"https:\/\/i0.wp.com\/samuelshouse.com.ve\/vallealegre\/wp-content\/uploads\/2014\/11\/Cuarto.jpg?w=720 720w, https:\/\/i0.wp.com\/samuelshouse.com.ve\/vallealegre\/wp-content\/uploads\/2014\/11\/Cuarto.jpg?resize=300%2C199 300w\" sizes=\"auto, (max-width: 720px) 100vw, 720px\" \/><\/a><\/div><div class=\"slider-item\"><a title=\"\" href=\"https:\/\/i0.wp.com\/samuelshouse.com.ve\/vallealegre\/wp-content\/uploads\/2014\/11\/SegundoPiso.jpg?fit=720%2C478\" rel=\"prettyPhoto[project_gal_swb]\"><img loading=\"lazy\" decoding=\"async\" width=\"720\" height=\"478\" src=\"https:\/\/i0.wp.com\/samuelshouse.com.ve\/vallealegre\/wp-content\/uploads\/2014\/11\/SegundoPiso.jpg?fit=720%2C478\" class=\"attachment-full\" alt=\"\" srcset=\"https:\/\/i0.wp.com\/samuelshouse.com.ve\/vallealegre\/wp-content\/uploads\/2014\/11\/SegundoPiso.jpg?w=720 720w, https:\/\/i0.wp.com\/samuelshouse.com.ve\/vallealegre\/wp-content\/uploads\/2014\/11\/SegundoPiso.jpg?resize=300%2C199 300w\" sizes=\"auto, (max-width: 720px) 100vw, 720px\" \/><\/a><\/div><div class=\"slider-item\"><a title=\"\" href=\"https:\/\/i0.wp.com\/samuelshouse.com.ve\/vallealegre\/wp-content\/uploads\/2014\/11\/Lounge.jpg?fit=800%2C532\" rel=\"prettyPhoto[project_gal_swb]\"><img loading=\"lazy\" decoding=\"async\" width=\"800\" height=\"532\" src=\"https:\/\/i0.wp.com\/samuelshouse.com.ve\/vallealegre\/wp-content\/uploads\/2014\/11\/Lounge.jpg?fit=800%2C532\" class=\"attachment-full\" alt=\"\" srcset=\"https:\/\/i0.wp.com\/samuelshouse.com.ve\/vallealegre\/wp-content\/uploads\/2014\/11\/Lounge.jpg?w=800 800w, https:\/\/i0.wp.com\/samuelshouse.com.ve\/vallealegre\/wp-content\/uploads\/2014\/11\/Lounge.jpg?resize=300%2C199 300w, https:\/\/i0.wp.com\/samuelshouse.com.ve\/vallealegre\/wp-content\/uploads\/2014\/11\/Lounge.jpg?resize=780%2C518 780w\" sizes=\"auto, (max-width: 800px) 100vw, 800px\" \/><\/a><\/div><\/div><div class=\"slider-nav-swb\"><\/div><\/div>\n\t\t<\/div> \n\t<\/div> \n\n\t<div class=\"vc_col-sm-4 wpb_column column_container\">\n\t\t<div class=\"wpb_wrapper\">\n\t\t\t<div class=\"customlist list-icon-fa-check\"><\/p>\n<ul>\n<li>\u00a0Maximo 26 personas<\/li>\n<li>4 habitaciones (con aire acondicionado)<\/li>\n<li>2 ba\u00f1os grandes (tres duchas y dos wc)<\/li>\n<li>2 ba\u00f1os privados<\/li>\n<li>Espacios de relajaci\u00f3n<\/li>\n<\/ul>\n<p><\/div>\n\t\t<\/div> \n\t<\/div> \n<\/div>\n<\/body>","protected":false},"excerpt":{"rendered":"\u00a0Maximo 26 personas 4 habitaciones (con aire acondicionado) 2 ba\u00f1os grandes (tres duchas y dos wc) 2 ba\u00f1os privados Espacios de relajaci\u00f3n","protected":false},"author":1,"featured_media":543,"parent":0,"menu_order":0,"comment_status":"open","ping_status":"open","template":"","meta":{"footnotes":""},"class_list":["post-367","page","type-page","status-publish","has-post-thumbnail","hentry"],"jetpack_sharing_enabled":true,"_links":{"self":[{"href":"http:\/\/samuelshouse.com.ve\/vallealegre\/wp-json\/wp\/v2\/pages\/367","targetHints":{"allow":["GET"]}}],"collection":[{"href":"http:\/\/samuelshouse.com.ve\/vallealegre\/wp-json\/wp\/v2\/pages"}],"about":[{"href":"http:\/\/samuelshouse.com.ve\/vallealegre\/wp-json\/wp\/v2\/types\/page"}],"author":[{"embeddable":true,"href":"http:\/\/samuelshouse.com.ve\/vallealegre\/wp-json\/wp\/v2\/users\/1"}],"replies":[{"embeddable":true,"href":"http:\/\/samuelshouse.com.ve\/vallealegre\/wp-json\/wp\/v2\/comments?post=367"}],"version-history":[{"count":1,"href":"http:\/\/samuelshouse.com.ve\/vallealegre\/wp-json\/wp\/v2\/pages\/367\/revisions"}],"predecessor-version":[{"id":558,"href":"http:\/\/samuelshouse.com.ve\/vallealegre\/wp-json\/wp\/v2\/pages\/367\/revisions\/558"}],"wp:featuredmedia":[{"embeddable":true,"href":"http:\/\/samuelshouse.com.ve\/vallealegre\/wp-json\/wp\/v2\/media\/543"}],"wp:attachment":[{"href":"http:\/\/samuelshouse.com.ve\/vallealegre\/wp-json\/wp\/v2\/media?parent=367"}],"curies":[{"name":"wp","href":"https:\/\/api.w.org\/{rel}","templated":true}]}}