{"id":534,"date":"2014-12-04T23:47:45","date_gmt":"2014-12-04T23:47:45","guid":{"rendered":"http:\/\/www.samuelshouse.com.ve\/?page_id=534"},"modified":"2015-11-12T13:10:04","modified_gmt":"2015-11-12T13:10:04","slug":"homepage-2","status":"publish","type":"page","link":"http:\/\/samuelshouse.com.ve\/vallealegre\/","title":{"rendered":"Homepage"},"content":{"rendered":"<body><div   class=\"   wpb_row vc_row-fluid no-margin fullwidth\"  style=\"\"  data-token=\"1JO25\">\n\t<div class=\"vc_col-sm-12 wpb_column column_container\">\n\t\t<div class=\"wpb_wrapper\">\n\t\t\t\n\t<div class=\"wpb_single_image wpb_content_element vc_align_center\">\n\t\t<div class=\"wpb_wrapper\">\n\t\t\t\n\t\t\t<img loading=\"lazy\" decoding=\"async\" width=\"2500\" height=\"1046\" src=\"https:\/\/i0.wp.com\/samuelshouse.com.ve\/vallealegre\/wp-content\/uploads\/2014\/12\/Slide21.jpg?fit=2500%2C1046\" class=\" vc_box_border_grey attachment-full\" alt=\"\" srcset=\"https:\/\/i0.wp.com\/samuelshouse.com.ve\/vallealegre\/wp-content\/uploads\/2014\/12\/Slide21.jpg?w=2500 2500w, https:\/\/i0.wp.com\/samuelshouse.com.ve\/vallealegre\/wp-content\/uploads\/2014\/12\/Slide21.jpg?resize=300%2C125 300w, https:\/\/i0.wp.com\/samuelshouse.com.ve\/vallealegre\/wp-content\/uploads\/2014\/12\/Slide21.jpg?resize=1024%2C428 1024w, https:\/\/i0.wp.com\/samuelshouse.com.ve\/vallealegre\/wp-content\/uploads\/2014\/12\/Slide21.jpg?resize=780%2C326 780w, https:\/\/i0.wp.com\/samuelshouse.com.ve\/vallealegre\/wp-content\/uploads\/2014\/12\/Slide21.jpg?resize=1120%2C468 1120w, https:\/\/i0.wp.com\/samuelshouse.com.ve\/vallealegre\/wp-content\/uploads\/2014\/12\/Slide21.jpg?w=2000 2000w\" sizes=\"auto, (max-width: 1000px) 100vw, 1000px\" \/>\n\t\t<\/div> \n\t<\/div> \n\t\t<\/div> \n\t<\/div> \n<\/div><div id=\"inicio\"  class=\"   wpb_row vc_row-fluid negativemargin no-margin fullwidth\"  style=\"\"  data-token=\"8FzmH\"><div class=\"lighter-overlay\" style=\"padding-top: 100px;padding-bottom: 100px; background-color: rgba(221,215,206, 0.70);\">\n\t<div class=\"vc_col-sm-12 wpb_column column_container\">\n\t\t<div class=\"wpb_wrapper\">\n\t\t\t<h1 class=\"section-title\">Campamento Valle Alegre<\/h1><div   class=\"   wpb_row vc_row-fluid  \"  style=\"\"  data-token=\"gJ6Am\">\n\t<div class=\"vc_col-sm-12 wpb_column column_container\">\n\t\t<div class=\"wpb_wrapper\">\n\t\t\t<div style=\"clear:both; width:100%; height:60px\"><\/div>\n\t<div class=\"wpb_text_column wpb_content_element \">\n\t\t<div class=\"wpb_wrapper\">\n\t\t\t<p>Nuestras instalaciones est\u00e1n situadas en los Valles del Tuy, estado Miranda, con una extensi\u00f3n de terreno de 130 hect\u00e1reas. \u00a0El campamento esta ubicado a una corta distancia de Caracas y posee hermosos paisajes con aire fresco que te har\u00e1n sentir como en un mundo diferente.<\/p>\n<p>Para aquellos que est\u00e1n buscando un lugar de esparcimiento, ofrecemos una multitud de opciones. \u00a0Realize sus eventos especiales, campamentos, retiros, reuniones de trabajo, charlas, bodas y mas en un lugar relajante y especial.<\/p>\n\n\t\t<\/div> \n\t<\/div> \n\t\t<\/div> \n\t<\/div> \n<\/div>\n\t\t<\/div> \n\t<\/div> \n<div class=\"clear\"><\/div><\/div><\/div><div id=\"atracciones\"  class=\"   wpb_row vc_row-fluid no-margin fullwidth\"  style=\"\"  data-token=\"WC2dY\"><div class=\"lighter-overlay\" style=\"padding-top: 100px;padding-bottom: 100px; background-color: rgba(255,255,255, 0.70);\">\n\t<div class=\"vc_col-sm-12 wpb_column column_container\">\n\t\t<div class=\"wpb_wrapper\">\n\t\t\t<div   class=\"   wpb_row vc_row-fluid  \"  style=\"\"  data-token=\"sGvTA\">\n\t<div class=\"vc_col-sm-12 wpb_column column_container\">\n\t\t<div class=\"wpb_wrapper\">\n\t\t\t<h1 class=\"section-title\">Algo Para Cada Quien<\/h1>\n\t\t<\/div> \n\t<\/div> \n<\/div><div style=\"clear:both; width:100%; height:60px\"><\/div><div   class=\"   wpb_row vc_row-fluid  \"  style=\"\"  data-token=\"Unhp2\">\n\t<div class=\"vc_col-sm-6 wpb_column column_container\">\n\t\t<div class=\"wpb_wrapper\">\n\t\t\t<div style=\"clear:both; width:100%; height:40px\"><\/div><div class=\"portfolio-slider-wrapper\"><div id=\"owl-slider-hit\" class=\"owl-carousel portfolio-slider\" data-token=\"QizVX\"><div class=\"slider-item\"><a title=\"\" href=\"https:\/\/i0.wp.com\/samuelshouse.com.ve\/vallealegre\/wp-content\/uploads\/2014\/12\/Pool-at-Mana-3.jpg?fit=400%2C320\" rel=\"prettyPhoto[project_gal_hit]\"><img loading=\"lazy\" decoding=\"async\" width=\"400\" height=\"320\" src=\"https:\/\/i0.wp.com\/samuelshouse.com.ve\/vallealegre\/wp-content\/uploads\/2014\/12\/Pool-at-Mana-3.jpg?fit=400%2C320\" class=\"attachment-full\" alt=\"\" srcset=\"https:\/\/i0.wp.com\/samuelshouse.com.ve\/vallealegre\/wp-content\/uploads\/2014\/12\/Pool-at-Mana-3.jpg?w=400 400w, https:\/\/i0.wp.com\/samuelshouse.com.ve\/vallealegre\/wp-content\/uploads\/2014\/12\/Pool-at-Mana-3.jpg?resize=300%2C240 300w\" sizes=\"auto, (max-width: 400px) 100vw, 400px\" \/><\/a><\/div><div class=\"slider-item\"><a title=\"\" href=\"https:\/\/i0.wp.com\/samuelshouse.com.ve\/vallealegre\/wp-content\/uploads\/2014\/12\/Playset-Pavillion-3.jpg?fit=400%2C320\" rel=\"prettyPhoto[project_gal_hit]\"><img loading=\"lazy\" decoding=\"async\" width=\"400\" height=\"320\" src=\"https:\/\/i0.wp.com\/samuelshouse.com.ve\/vallealegre\/wp-content\/uploads\/2014\/12\/Playset-Pavillion-3.jpg?fit=400%2C320\" class=\"attachment-full\" alt=\"\" srcset=\"https:\/\/i0.wp.com\/samuelshouse.com.ve\/vallealegre\/wp-content\/uploads\/2014\/12\/Playset-Pavillion-3.jpg?w=400 400w, https:\/\/i0.wp.com\/samuelshouse.com.ve\/vallealegre\/wp-content\/uploads\/2014\/12\/Playset-Pavillion-3.jpg?resize=300%2C240 300w\" sizes=\"auto, (max-width: 400px) 100vw, 400px\" \/><\/a><\/div><div class=\"slider-item\"><a title=\"\" href=\"https:\/\/i0.wp.com\/samuelshouse.com.ve\/vallealegre\/wp-content\/uploads\/2014\/12\/Mana-Dining-Hall-1.jpg?fit=400%2C320\" rel=\"prettyPhoto[project_gal_hit]\"><img loading=\"lazy\" decoding=\"async\" width=\"400\" height=\"320\" src=\"https:\/\/i0.wp.com\/samuelshouse.com.ve\/vallealegre\/wp-content\/uploads\/2014\/12\/Mana-Dining-Hall-1.jpg?fit=400%2C320\" class=\"attachment-full\" alt=\"\" srcset=\"https:\/\/i0.wp.com\/samuelshouse.com.ve\/vallealegre\/wp-content\/uploads\/2014\/12\/Mana-Dining-Hall-1.jpg?w=400 400w, https:\/\/i0.wp.com\/samuelshouse.com.ve\/vallealegre\/wp-content\/uploads\/2014\/12\/Mana-Dining-Hall-1.jpg?resize=300%2C240 300w\" sizes=\"auto, (max-width: 400px) 100vw, 400px\" \/><\/a><\/div><div class=\"slider-item\"><a title=\"\" href=\"https:\/\/i0.wp.com\/samuelshouse.com.ve\/vallealegre\/wp-content\/uploads\/2014\/12\/Lounge.jpg?fit=400%2C320\" rel=\"prettyPhoto[project_gal_hit]\"><img loading=\"lazy\" decoding=\"async\" width=\"400\" height=\"320\" src=\"https:\/\/i0.wp.com\/samuelshouse.com.ve\/vallealegre\/wp-content\/uploads\/2014\/12\/Lounge.jpg?fit=400%2C320\" class=\"attachment-full\" alt=\"\" srcset=\"https:\/\/i0.wp.com\/samuelshouse.com.ve\/vallealegre\/wp-content\/uploads\/2014\/12\/Lounge.jpg?w=400 400w, https:\/\/i0.wp.com\/samuelshouse.com.ve\/vallealegre\/wp-content\/uploads\/2014\/12\/Lounge.jpg?resize=300%2C240 300w\" sizes=\"auto, (max-width: 400px) 100vw, 400px\" \/><\/a><\/div><div class=\"slider-item\"><a title=\"\" href=\"https:\/\/i0.wp.com\/samuelshouse.com.ve\/vallealegre\/wp-content\/uploads\/2014\/12\/IMG_4013.jpg?fit=400%2C320\" rel=\"prettyPhoto[project_gal_hit]\"><img loading=\"lazy\" decoding=\"async\" width=\"400\" height=\"320\" src=\"https:\/\/i0.wp.com\/samuelshouse.com.ve\/vallealegre\/wp-content\/uploads\/2014\/12\/IMG_4013.jpg?fit=400%2C320\" class=\"attachment-full\" alt=\"\" srcset=\"https:\/\/i0.wp.com\/samuelshouse.com.ve\/vallealegre\/wp-content\/uploads\/2014\/12\/IMG_4013.jpg?w=400 400w, https:\/\/i0.wp.com\/samuelshouse.com.ve\/vallealegre\/wp-content\/uploads\/2014\/12\/IMG_4013.jpg?resize=300%2C240 300w\" sizes=\"auto, (max-width: 400px) 100vw, 400px\" \/><\/a><\/div><\/div><div class=\"slider-nav-hit\"><\/div><\/div>\n\t\t<\/div> \n\t<\/div> \n\n\t<div class=\"vc_col-sm-6 wpb_column column_container\">\n\t\t<div class=\"wpb_wrapper\">\n\t\t\t<div class=\"customlist list-icon-fa-check\"><\/p>\n<ul>\n<li>Comodos Alojamientos<\/li>\n<li>Instalaciones Modernas y de VIP<\/li>\n<li>Piscina<\/li>\n<li>Parrillera<\/li>\n<li>Men\u00fa de comida (saludable)<\/li>\n<li>Comedor<\/li>\n<li>Pared para escalar<\/li>\n<li>Churuata<\/li>\n<li>Parque infantil<\/li>\n<li>Canchas de baloncesto, voleibol y futbol<\/li>\n<li>Espacios verdes<\/li>\n<li>Fogata<\/li>\n<li>Sal\u00f3n de conferencia<\/li>\n<\/ul>\n<p><\/div>\n\t<div class=\"wpb_text_column wpb_content_element \">\n\t\t<div class=\"wpb_wrapper\">\n\t\t\t<p><strong>Futuras Atracciones<\/strong><\/p>\n<p>Canchas de mini-golf, futbolito, juegos en equipo, tirolina, caminer\u00edas, lagunas para pescar, campamento de idiomas y mas.<\/p>\n\n\t\t<\/div> \n\t<\/div> \n\t\t<\/div> \n\t<\/div> \n<\/div><div style=\"clear:both; width:100%; height:60px\"><\/div>\n\t<div class=\"wpb_video_widget wpb_content_element\">\n\t\t<div class=\"wpb_wrapper\"><div class=\"wpb_video_wrapper\"><a href=\"http:\/\/youtu.be\/P2sboV5iv_E\">http:\/\/youtu.be\/P2sboV5iv_E<\/a><\/div>\n\t\t<\/div> \n\t<\/div> \n\t\t<\/div> \n\t<\/div> \n<div class=\"clear\"><\/div><\/div><\/div><div id=\"alojamiento\"  class=\"   wpb_row vc_row-fluid no-margin fullwidth\"  style=\"\"  data-token=\"6lXmH\"><div class=\"lighter-overlay\" style=\"padding-top: 100px;padding-bottom: 100px; background-color: rgba(255,255,255, 1);\">\n\t<div class=\"vc_col-sm-12 wpb_column column_container\">\n\t\t<div class=\"wpb_wrapper\">\n\t\t\t<div   class=\"   wpb_row vc_row-fluid  \"  style=\"\"  data-token=\"Drf9u\">\n\t<div class=\"vc_col-sm-12 wpb_column column_container wpb_animate_when_almost_visible wpb_top-to-bottom\">\n\t\t<div class=\"wpb_wrapper\">\n\t\t\t<h1 class=\"section-title\">Opciones De Alojamiento<\/h1>\n\t\t<\/div> \n\t<\/div> \n<\/div><div style=\"clear:both; width:100%; height:60px\"><\/div><div   class=\"   wpb_row vc_row-fluid  \"  style=\"\"  data-token=\"KO3xN\">\n\t<div class=\"vc_col-sm-12 wpb_column column_container\">\n\t\t<div class=\"wpb_wrapper\">\n\t\t\t<div\n  class=\"wpb_row wpb_teaser_grid wpb_content_element wpb_grid columns_count_2 columns_count_2 wpb_teaser_grid_page \">\n\t<div class=\"wpb_wrapper\">\n\t\t\t\t<div class=\"teaser_grid_container\">\n\t\t\t\t\t\t<ul class=\"wpb_thumbnails wpb_thumbnails-fluid vc_clearfix\"\n\t\t\t\tdata-layout-mode=\"fitRows\">\n\t\t\t\t\t\t\t\t\t\t\t\t\t\t\t\t\t\t\t\t\t\t<li\n\t\t\t\t\t  class=\"isotope-item vc_col-sm-6\">\n\t\t\t\t\t\t<div class=\"isotope-inner\">\n\t\t\t\t\t\t\t\t\t\t\t\t\t<h2 class=\"post-title\">\n    <a href=\"http:\/\/samuelshouse.com.ve\/vallealegre\/volunteer\/\" class=\"link_title\" target=\"_blank\" title=\"Permalink to Casa de Campo Man\u00e1\">Casa de Campo Man\u00e1<\/a><\/h2>\n\t\t\t\t\t\t\t\t\t\t\t\t\t<div class=\"post-thumb\">\n    <a href=\"http:\/\/samuelshouse.com.ve\/vallealegre\/volunteer\/\" class=\"link_image\" target=\"_blank\" title=\"Permalink to Casa de Campo Man\u00e1\"><img loading=\"lazy\" decoding=\"async\" width=\"800\" height=\"531\" src=\"https:\/\/i0.wp.com\/samuelshouse.com.ve\/vallealegre\/wp-content\/uploads\/2014\/11\/Mana-Lodge-1.jpg?fit=800%2C531\" class=\"attachment-full\" alt=\"\" srcset=\"https:\/\/i0.wp.com\/samuelshouse.com.ve\/vallealegre\/wp-content\/uploads\/2014\/11\/Mana-Lodge-1.jpg?w=800 800w, https:\/\/i0.wp.com\/samuelshouse.com.ve\/vallealegre\/wp-content\/uploads\/2014\/11\/Mana-Lodge-1.jpg?resize=300%2C199 300w, https:\/\/i0.wp.com\/samuelshouse.com.ve\/vallealegre\/wp-content\/uploads\/2014\/11\/Mana-Lodge-1.jpg?resize=780%2C517 780w\" sizes=\"auto, (max-width: 800px) 100vw, 800px\" \/><\/a><\/div>\n\t\t\t\t\t\t\t\t\t\t\t\t\t<a href=\"http:\/\/samuelshouse.com.ve\/vallealegre\/volunteer\/\" class=\"vc_read_more\"\n   title=\"Permalink to Casa de Campo Man\u00e1\" target=\"_blank\">Read more<\/a>\n\t\t\t\t\t\t\t\t\t\t\t\t<\/div>\n\t\t\t\t\t<\/li> \t\t\t\t\t\t\t\t\t\t\t\t\t\t\t<li\n\t\t\t\t\t  class=\"isotope-item vc_col-sm-6\">\n\t\t\t\t\t\t<div class=\"isotope-inner\">\n\t\t\t\t\t\t\t\t\t\t\t\t\t<h2 class=\"post-title\">\n    <a href=\"http:\/\/samuelshouse.com.ve\/vallealegre\/quinta-valle-alegre\/\" class=\"link_title\" target=\"_blank\" title=\"Permalink to Quinta Valle Alegre\">Quinta Valle Alegre<\/a><\/h2>\n\t\t\t\t\t\t\t\t\t\t\t\t\t<div class=\"post-thumb\">\n    <a href=\"http:\/\/samuelshouse.com.ve\/vallealegre\/quinta-valle-alegre\/\" class=\"link_image\" target=\"_blank\" title=\"Permalink to Quinta Valle Alegre\"><img loading=\"lazy\" decoding=\"async\" width=\"800\" height=\"533\" src=\"https:\/\/i0.wp.com\/samuelshouse.com.ve\/vallealegre\/wp-content\/uploads\/2014\/12\/IMG_7053.jpg?fit=800%2C533\" class=\"attachment-full\" alt=\"\" srcset=\"https:\/\/i0.wp.com\/samuelshouse.com.ve\/vallealegre\/wp-content\/uploads\/2014\/12\/IMG_7053.jpg?w=800 800w, https:\/\/i0.wp.com\/samuelshouse.com.ve\/vallealegre\/wp-content\/uploads\/2014\/12\/IMG_7053.jpg?resize=300%2C199 300w, https:\/\/i0.wp.com\/samuelshouse.com.ve\/vallealegre\/wp-content\/uploads\/2014\/12\/IMG_7053.jpg?resize=780%2C519 780w\" sizes=\"auto, (max-width: 800px) 100vw, 800px\" \/><\/a><\/div>\n\t\t\t\t\t\t\t\t\t\t\t\t\t<a href=\"http:\/\/samuelshouse.com.ve\/vallealegre\/quinta-valle-alegre\/\" class=\"vc_read_more\"\n   title=\"Permalink to Quinta Valle Alegre\" target=\"_blank\">Read more<\/a>\n\t\t\t\t\t\t\t\t\t\t\t\t<\/div>\n\t\t\t\t\t<\/li> \t\t\t\t\t\t\t\t\t\t\t\t\t\t\t<li\n\t\t\t\t\t  class=\"isotope-item vc_col-sm-6\">\n\t\t\t\t\t\t<div class=\"isotope-inner\">\n\t\t\t\t\t\t\t\t\t\t\t\t\t<h2 class=\"post-title\">\n    <a href=\"http:\/\/samuelshouse.com.ve\/vallealegre\/cuatro-dormitorios\/\" class=\"link_title\" target=\"_blank\" title=\"Permalink to Cuatro Dormitorios\">Cuatro Dormitorios<\/a><\/h2>\n\t\t\t\t\t\t\t\t\t\t\t\t\t<div class=\"post-thumb\">\n    <a href=\"http:\/\/samuelshouse.com.ve\/vallealegre\/cuatro-dormitorios\/\" class=\"link_image\" target=\"_blank\" title=\"Permalink to Cuatro Dormitorios\"><img loading=\"lazy\" decoding=\"async\" width=\"800\" height=\"531\" src=\"https:\/\/i0.wp.com\/samuelshouse.com.ve\/vallealegre\/wp-content\/uploads\/2014\/12\/Dorm-left-inside-1.jpg?fit=800%2C531\" class=\"attachment-full\" alt=\"\" srcset=\"https:\/\/i0.wp.com\/samuelshouse.com.ve\/vallealegre\/wp-content\/uploads\/2014\/12\/Dorm-left-inside-1.jpg?w=800 800w, https:\/\/i0.wp.com\/samuelshouse.com.ve\/vallealegre\/wp-content\/uploads\/2014\/12\/Dorm-left-inside-1.jpg?resize=300%2C199 300w, https:\/\/i0.wp.com\/samuelshouse.com.ve\/vallealegre\/wp-content\/uploads\/2014\/12\/Dorm-left-inside-1.jpg?resize=780%2C517 780w\" sizes=\"auto, (max-width: 800px) 100vw, 800px\" \/><\/a><\/div>\n\t\t\t\t\t\t\t\t\t\t\t\t\t<a href=\"http:\/\/samuelshouse.com.ve\/vallealegre\/cuatro-dormitorios\/\" class=\"vc_read_more\"\n   title=\"Permalink to Cuatro Dormitorios\" target=\"_blank\">Read more<\/a>\n\t\t\t\t\t\t\t\t\t\t\t\t<\/div>\n\t\t\t\t\t<\/li> \t\t\t\t\t\t\t\t\t\t\t\t\t\t\t<li\n\t\t\t\t\t  class=\"isotope-item vc_col-sm-6\">\n\t\t\t\t\t\t<div class=\"isotope-inner\">\n\t\t\t\t\t\t\t\t\t\t\t\t\t<h2 class=\"post-title\">\n    <a href=\"http:\/\/samuelshouse.com.ve\/vallealegre\/cabanas-familiares\/\" class=\"link_title\" target=\"_blank\" title=\"Permalink to Caba\u00f1as Familiares\">Caba\u00f1as Familiares<\/a><\/h2>\n\t\t\t\t\t\t\t\t\t\t\t\t\t<div class=\"post-thumb\">\n    <a href=\"http:\/\/samuelshouse.com.ve\/vallealegre\/cabanas-familiares\/\" class=\"link_image\" target=\"_blank\" title=\"Permalink to Caba\u00f1as Familiares\"><img loading=\"lazy\" decoding=\"async\" width=\"800\" height=\"533\" src=\"https:\/\/i0.wp.com\/samuelshouse.com.ve\/vallealegre\/wp-content\/uploads\/2014\/12\/Cabins2.jpg?fit=800%2C533\" class=\"attachment-full\" alt=\"\" srcset=\"https:\/\/i0.wp.com\/samuelshouse.com.ve\/vallealegre\/wp-content\/uploads\/2014\/12\/Cabins2.jpg?w=800 800w, https:\/\/i0.wp.com\/samuelshouse.com.ve\/vallealegre\/wp-content\/uploads\/2014\/12\/Cabins2.jpg?resize=300%2C199 300w, https:\/\/i0.wp.com\/samuelshouse.com.ve\/vallealegre\/wp-content\/uploads\/2014\/12\/Cabins2.jpg?resize=780%2C519 780w\" sizes=\"auto, (max-width: 800px) 100vw, 800px\" \/><\/a><\/div>\n\t\t\t\t\t\t\t\t\t\t\t\t\t<a href=\"http:\/\/samuelshouse.com.ve\/vallealegre\/cabanas-familiares\/\" class=\"vc_read_more\"\n   title=\"Permalink to Caba\u00f1as Familiares\" target=\"_blank\">Read more<\/a>\n\t\t\t\t\t\t\t\t\t\t\t\t<\/div>\n\t\t\t\t\t<\/li> \t\t\t\t\t\t\t\t\t\t\t\t<\/ul>\n\t\t<\/div>\n\t<\/div> \t<div class=\"clear\"><\/div>\n<\/div> \n\t\t<\/div> \n\t<\/div> \n<\/div>\n\t\t<\/div> \n\t<\/div> \n<div class=\"clear\"><\/div><\/div><\/div><div id=\"casasamuel\"  class=\"   wpb_row vc_row-fluid  fullwidth\"  style=\"\"  data-token=\"pnKD3\">\n\t<div class=\"vc_col-sm-12 wpb_column column_container\">\n\t\t<div class=\"wpb_wrapper\">\n\t\t\t<h1 class=\"section-title\">La Casa de Samuel<\/h1><div style=\"clear:both; width:100%; height:60px\"><\/div><div   class=\"   wpb_row vc_row-fluid  \"  style=\"\"  data-token=\"BMxg5\">\n\t<div class=\"vc_col-sm-4 wpb_column column_container\">\n\t\t<div class=\"wpb_wrapper\">\n\t\t\t\n\t<div class=\"wpb_single_image wpb_content_element vc_align_left\">\n\t\t<div class=\"wpb_wrapper\">\n\t\t\t\n\t\t\t<img loading=\"lazy\" decoding=\"async\" width=\"300\" height=\"233\" src=\"https:\/\/i0.wp.com\/samuelshouse.com.ve\/vallealegre\/wp-content\/uploads\/2014\/12\/Kids.jpg?fit=300%2C233\" class=\" vc_box_border_grey attachment-medium\" alt=\"\" srcset=\"https:\/\/i0.wp.com\/samuelshouse.com.ve\/vallealegre\/wp-content\/uploads\/2014\/12\/Kids.jpg?w=566 566w, https:\/\/i0.wp.com\/samuelshouse.com.ve\/vallealegre\/wp-content\/uploads\/2014\/12\/Kids.jpg?resize=300%2C233 300w\" sizes=\"auto, (max-width: 300px) 100vw, 300px\" \/>\n\t\t<\/div> \n\t<\/div> \n\t\t<\/div> \n\t<\/div> \n\n\t<div class=\"vc_col-sm-8 wpb_column column_container\">\n\t\t<div class=\"wpb_wrapper\">\n\t\t\t\n\t<div class=\"wpb_text_column wpb_content_element \">\n\t\t<div class=\"wpb_wrapper\">\n\t\t\t<p>El Campamento Valle Alegre es un proyecto de auto sustento a beneficio de La Casa de Samuel, una entidad de atenci\u00f3n para ni\u00f1os en situaciones de riesgo social. Los ingresos del campamento har\u00e1n posible que un ni\u00f1o en riesgo tenga un hogar con padres que podr\u00e1n cubrir sus necesidades afectivas, alimenticias y educativos. Usted tendr\u00e1 la oportunidad \u00fanica de cambiar la vida de un ni\u00f1o solamente con hacer uso de las instalaciones del campamento. Si desea saber mas acerca de La Casa de Samuel, visite nuestra pagina web, samuelshouse.com.ve.<\/p>\n\n\t\t<\/div> \n\t<\/div> \n\t\t<\/div> \n\t<\/div> \n<\/div><div style=\"clear:both; width:100%; height:60px\"><\/div>\n\t\t<\/div> \n\t<\/div> \n<\/div><div   class=\"lazy  parallax-bag-qcv wpb_row vc_row-fluid no-margin fullwidth\" data-original=\"http:\/\/samuelshouse.com.ve\/vallealegre\/wp-content\/uploads\/2014\/12\/VA6.jpg\" style=\"background-image: url(http:\/\/samuelshouse.com.ve\/vallealegre\/wp-content\/themes\/patti\/images\/grey.gif);background-repeat: repeat-y;background-attachment: fixed;background-position: 50% 0;\"  data-token=\"hYm3I\"><div class=\"lighter-overlay\" style=\"padding-top: 100px;padding-bottom: 100px; background-color: rgba(237,237,237, 0.15);\">\n\t<div class=\"vc_col-sm-12 wpb_column column_container\">\n\t\t<div class=\"wpb_wrapper\">\n\t\t\t<div   class=\"   wpb_row vc_row-fluid  \"  style=\"\"  data-token=\"KyQus\">\n\t<div class=\"vc_col-sm-12 wpb_column column_container\">\n\t\t<div class=\"wpb_wrapper\">\n\t\t\t<h2 class=\"parallax-quote\">\"Realize sus eventos especiales, campamentos, retiros, reuniones de trabajo, charlas, bodas y mas en un lugar relajante y especial que existe para apoyar una noble causa. \"<\/h2><span class=\"quote-author\"><\/span>\n\t\t<\/div> \n\t<\/div> \n<\/div>\n\t\t<\/div> \n\t<\/div> \n<div class=\"clear\"><\/div><\/div><\/div><div id=\"reservaciones\"  class=\"   wpb_row vc_row-fluid no-margin fullwidth\"  style=\"\"  data-token=\"7nlBa\"><div class=\"lighter-overlay\" style=\"padding-top: 100px;padding-bottom: 100px; background-color: rgba(, 0.20);\">\n\t<div class=\"vc_col-sm-12 wpb_column column_container\">\n\t\t<div class=\"wpb_wrapper\">\n\t\t\t<div   class=\"   wpb_row vc_row-fluid  \"  style=\"\"  data-token=\"9AAks\">\n\t<div class=\"vc_col-sm-12 wpb_column column_container\">\n\t\t<div class=\"wpb_wrapper\">\n\t\t\t<h1 class=\"section-title\">Reservaciones<\/h1><div style=\"clear:both; width:100%; height:60px\"><\/div>\n\t\t<\/div> \n\t<\/div> \n<\/div><div   class=\"   wpb_row vc_row-fluid  \"  style=\"\"  data-token=\"5MbZH\">\n\t<div class=\"vc_col-sm-12 wpb_column column_container\">\n\t\t<div class=\"wpb_wrapper\">\n\t\t\t\n<div class=\"wpcf7 no-js\" id=\"wpcf7-f226-o1\" lang=\"en-US\" dir=\"ltr\" data-wpcf7-id=\"226\">\n<div class=\"screen-reader-response\"><p role=\"status\" aria-live=\"polite\" aria-atomic=\"true\"><\/p> <ul><\/ul><\/div>\n<form action=\"\/vallealegre\/wp-json\/wp\/v2\/pages\/534#wpcf7-f226-o1\" method=\"post\" class=\"wpcf7-form init\" aria-label=\"Contact form\" novalidate=\"novalidate\" data-status=\"init\">\n<fieldset class=\"hidden-fields-container\"><input type=\"hidden\" name=\"_wpcf7\" value=\"226\" \/><input type=\"hidden\" name=\"_wpcf7_version\" value=\"6.1.5\" \/><input type=\"hidden\" name=\"_wpcf7_locale\" value=\"en_US\" \/><input type=\"hidden\" name=\"_wpcf7_unit_tag\" value=\"wpcf7-f226-o1\" \/><input type=\"hidden\" name=\"_wpcf7_container_post\" value=\"0\" \/><input type=\"hidden\" name=\"_wpcf7_posted_data_hash\" value=\"\" \/>\n<\/fieldset>\n<p><span class=\"wpcf7-form-control-wrap\" data-name=\"your-name\"><input size=\"40\" maxlength=\"400\" class=\"wpcf7-form-control wpcf7-text wpcf7-validates-as-required\" aria-required=\"true\" aria-invalid=\"false\" placeholder=\"Nombre\" value=\"\" type=\"text\" name=\"your-name\" \/><\/span>\n<\/p>\n<p><span class=\"wpcf7-form-control-wrap\" data-name=\"your-email\"><input size=\"40\" maxlength=\"400\" class=\"wpcf7-form-control wpcf7-email wpcf7-validates-as-required wpcf7-text wpcf7-validates-as-email\" aria-required=\"true\" aria-invalid=\"false\" placeholder=\"Email\" value=\"\" type=\"email\" name=\"your-email\" \/><\/span>\n<\/p>\n<p><span class=\"wpcf7-form-control-wrap\" data-name=\"phone\"><input size=\"40\" maxlength=\"400\" class=\"wpcf7-form-control wpcf7-text\" aria-invalid=\"false\" placeholder=\"Telefono\" value=\"\" type=\"text\" name=\"phone\" \/><\/span>\n<\/p>\n<p><span class=\"wpcf7-form-control-wrap\" data-name=\"fecha-llegada\"><input size=\"40\" maxlength=\"400\" class=\"wpcf7-form-control wpcf7-text\" aria-invalid=\"false\" placeholder=\"Fecha de Llegada\" value=\"\" type=\"text\" name=\"fecha-llegada\" \/><\/span>\n<\/p>\n<p><span class=\"wpcf7-form-control-wrap\" data-name=\"fecha-salida\"><input size=\"40\" maxlength=\"400\" class=\"wpcf7-form-control wpcf7-text\" aria-invalid=\"false\" placeholder=\"Fecha de Salida\" value=\"\" type=\"text\" name=\"fecha-salida\" \/><\/span>\n<\/p>\n<p><span class=\"wpcf7-form-control-wrap\" data-name=\"personas\"><input size=\"40\" maxlength=\"400\" class=\"wpcf7-form-control wpcf7-text\" aria-invalid=\"false\" placeholder=\"Numero de Personas\" value=\"\" type=\"text\" name=\"personas\" \/><\/span>\n<\/p>\n<p><span class=\"wpcf7-form-control-wrap\" data-name=\"your-message\"><textarea cols=\"40\" rows=\"10\" maxlength=\"2000\" class=\"wpcf7-form-control wpcf7-textarea wpcf7-validates-as-required\" aria-required=\"true\" aria-invalid=\"false\" placeholder=\"Comentarios\" name=\"your-message\"><\/textarea><\/span>\n<\/p>\n<p><input class=\"wpcf7-form-control wpcf7-submit has-spinner button black\" type=\"submit\" value=\"Send\" \/>\n<\/p><div class=\"wpcf7-response-output\" aria-hidden=\"true\"><\/div>\n<\/form>\n<\/div>\n<div class=\"vc_separator wpb_content_element vc_el_width_100 vc_sep_color_green\">\n\t<span class=\"vc_sep_holder vc_sep_holder_l\"><span class=\"vc_sep_line\"><\/span><\/span>\n\t\t<span class=\"vc_sep_holder vc_sep_holder_r\"><span class=\"vc_sep_line\"><\/span><\/span>\n<\/div>\n\n\n\t<div class=\"wpb_text_column wpb_content_element \">\n\t\t<div class=\"wpb_wrapper\">\n\t\t\t<ul class=\"contact-info\">\n<li style=\"text-align: center;\"><i class=\"fa fa-map-marker\"><\/i>El Limon de Soapire Valles del Tuy, Valles del Tuy<\/li>\n<li style=\"text-align: center;\"><i class=\"fa fa-phone\"><\/i>(0239) 414 8513<\/li>\n<li style=\"text-align: center;\"><i class=\"fa fa-envelope\"><\/i>vallealegre02@gmail.com<\/li>\n<li style=\"text-align: center;\"><i class=\"fa fa-facebook\"><\/i><a href=\"https:\/\/www.facebook.com\/CampamentoValleAlegre\/\">www.facebook.com\/CampamentoValleAlegre<\/a><\/li>\n<\/ul>\n\n\t\t<\/div> \n\t<\/div> \n\t\t<\/div> \n\t<\/div> \n<\/div>\n\t\t<\/div> \n\t<\/div> \n<div class=\"clear\"><\/div><\/div><\/div><div   class=\"   wpb_row vc_row-fluid no-margin \"  style=\"\"  data-token=\"BKqBf\"><div class=\"lighter-overlay\" style=\" background-color: rgba(255,255,255, 0.70);\">\n\t<div class=\"vc_col-sm-12 wpb_column column_container\">\n\t\t<div class=\"wpb_wrapper\">\n\t\t\t<div class=\"map-wrapper\" id=\"delicious_map_weq\" data-token=\"bYfzt\"><a class=\"button-map close-map\"><span>Locate us on Map<\/span><\/a><div id=\"google_map_weq\"><\/div><\/div>\n\t\t<\/div> \n\t<\/div> \n<div class=\"clear\"><\/div><\/div><\/div>\n<\/body>","protected":false},"excerpt":{"rendered":"Tenemos varias caba\u00f1as familiares en construcci\u00f3n para sus retiros matrimoniales o vacaciones en familia.","protected":false},"author":1,"featured_media":0,"parent":0,"menu_order":0,"comment_status":"closed","ping_status":"closed","template":"template-homepage.php","meta":{"footnotes":""},"class_list":["post-534","page","type-page","status-publish","hentry"],"jetpack_sharing_enabled":true,"_links":{"self":[{"href":"http:\/\/samuelshouse.com.ve\/vallealegre\/wp-json\/wp\/v2\/pages\/534","targetHints":{"allow":["GET"]}}],"collection":[{"href":"http:\/\/samuelshouse.com.ve\/vallealegre\/wp-json\/wp\/v2\/pages"}],"about":[{"href":"http:\/\/samuelshouse.com.ve\/vallealegre\/wp-json\/wp\/v2\/types\/page"}],"author":[{"embeddable":true,"href":"http:\/\/samuelshouse.com.ve\/vallealegre\/wp-json\/wp\/v2\/users\/1"}],"replies":[{"embeddable":true,"href":"http:\/\/samuelshouse.com.ve\/vallealegre\/wp-json\/wp\/v2\/comments?post=534"}],"version-history":[{"count":2,"href":"http:\/\/samuelshouse.com.ve\/vallealegre\/wp-json\/wp\/v2\/pages\/534\/revisions"}],"predecessor-version":[{"id":672,"href":"http:\/\/samuelshouse.com.ve\/vallealegre\/wp-json\/wp\/v2\/pages\/534\/revisions\/672"}],"wp:attachment":[{"href":"http:\/\/samuelshouse.com.ve\/vallealegre\/wp-json\/wp\/v2\/media?parent=534"}],"curies":[{"name":"wp","href":"https:\/\/api.w.org\/{rel}","templated":true}]}}